{"id":79,"date":"2026-03-11T13:16:59","date_gmt":"2026-03-11T13:16:59","guid":{"rendered":"https:\/\/lehiexpeditions.com\/?page_id=79"},"modified":"2026-03-11T16:55:55","modified_gmt":"2026-03-11T16:55:55","slug":"home","status":"publish","type":"page","link":"https:\/\/lehiexpeditions.com\/es\/","title":{"rendered":"Hogar"},"content":{"rendered":"<div data-elementor-type=\"wp-page\" data-elementor-id=\"79\" class=\"elementor elementor-79\" data-elementor-post-type=\"page\">\n\t\t\t\t<div class=\"elementor-element elementor-element-7e2f3bc e-con-full e-flex e-con e-parent\" data-id=\"7e2f3bc\" data-element_type=\"container\" data-e-type=\"container\">\n\t\t\t\t<div class=\"elementor-element elementor-element-fccb8ca elementor-widget elementor-widget-image\" data-id=\"fccb8ca\" data-element_type=\"widget\" data-e-type=\"widget\" data-widget_type=\"image.default\">\n\t\t\t\t\t\t\t\t\t\t\t\t\t\t\t<img fetchpriority=\"high\" decoding=\"async\" width=\"800\" height=\"533\" src=\"https:\/\/lehiexpeditions.com\/wp-content\/uploads\/2026\/03\/WhatsApp-Image-2026-03-10-at-10.37.15-AM-1024x682.jpeg\" class=\"attachment-large size-large wp-image-133\" alt=\"\" srcset=\"https:\/\/lehiexpeditions.com\/wp-content\/uploads\/2026\/03\/WhatsApp-Image-2026-03-10-at-10.37.15-AM-1024x682.jpeg 1024w, https:\/\/lehiexpeditions.com\/wp-content\/uploads\/2026\/03\/WhatsApp-Image-2026-03-10-at-10.37.15-AM-300x200.jpeg 300w, https:\/\/lehiexpeditions.com\/wp-content\/uploads\/2026\/03\/WhatsApp-Image-2026-03-10-at-10.37.15-AM-768x512.jpeg 768w, https:\/\/lehiexpeditions.com\/wp-content\/uploads\/2026\/03\/WhatsApp-Image-2026-03-10-at-10.37.15-AM-1536x1023.jpeg 1536w, https:\/\/lehiexpeditions.com\/wp-content\/uploads\/2026\/03\/WhatsApp-Image-2026-03-10-at-10.37.15-AM-18x12.jpeg 18w, https:\/\/lehiexpeditions.com\/wp-content\/uploads\/2026\/03\/WhatsApp-Image-2026-03-10-at-10.37.15-AM.jpeg 1600w\" sizes=\"(max-width: 800px) 100vw, 800px\" \/>\t\t\t\t\t\t\t\t\t\t\t\t\t\t\t<\/div>\n\t\t\t\t<\/div>\n\t\t<div class=\"elementor-element elementor-element-4b8d680 e-flex e-con-boxed e-con e-parent\" data-id=\"4b8d680\" data-element_type=\"container\" data-e-type=\"container\">\n\t\t\t\t\t<div class=\"e-con-inner\">\n\t\t\t\t<div class=\"elementor-element elementor-element-7b2b6b1 elementor-widget elementor-widget-text-editor\" data-id=\"7b2b6b1\" data-element_type=\"widget\" data-e-type=\"widget\" data-widget_type=\"text-editor.default\">\n\t\t\t\t\t\t\t\t\t<h5 style=\"text-align: center;\"><span style=\"color: #00ccff;\"><strong>\u00a1Bienvenido!<\/strong><\/span><\/h5><p style=\"text-align: center;\">Gracias por visitarnos. Estamos mejorando nuestro sitio web para ofrecerle un mejor servicio.<br \/>Si necesita informaci\u00f3n sobre nuestros servicios no dude en ponerse en contacto con nosotros por tel\u00e9fono o por correo electr\u00f3nico.<br \/>Ser\u00e1 un placer poder ayudarle. <br \/><strong>Gracias<\/strong><\/p>\t\t\t\t\t\t\t\t<\/div>\n\t\t\t\t\t<\/div>\n\t\t\t\t<\/div>\n\t\t\t\t<\/div>","protected":false},"excerpt":{"rendered":"<p>\u00a1Bienvenido\/a! Gracias por visitarnos. Actualmente estamos mejorando nuestra p\u00e1gina web para ofrecerle un mejor servicio. Si necesita informaci\u00f3n sobre nuestros servicios, no dude en contactarnos por tel\u00e9fono o correo electr\u00f3nico. Ser\u00e1 un placer ayudarle. \u00a1Gracias!<\/p>","protected":false},"author":1,"featured_media":0,"parent":0,"menu_order":0,"comment_status":"closed","ping_status":"closed","template":"elementor_header_footer","meta":{"footnotes":""},"class_list":["post-79","page","type-page","status-publish","hentry"],"_links":{"self":[{"href":"https:\/\/lehiexpeditions.com\/es\/wp-json\/wp\/v2\/pages\/79","targetHints":{"allow":["GET"]}}],"collection":[{"href":"https:\/\/lehiexpeditions.com\/es\/wp-json\/wp\/v2\/pages"}],"about":[{"href":"https:\/\/lehiexpeditions.com\/es\/wp-json\/wp\/v2\/types\/page"}],"author":[{"embeddable":true,"href":"https:\/\/lehiexpeditions.com\/es\/wp-json\/wp\/v2\/users\/1"}],"replies":[{"embeddable":true,"href":"https:\/\/lehiexpeditions.com\/es\/wp-json\/wp\/v2\/comments?post=79"}],"version-history":[{"count":61,"href":"https:\/\/lehiexpeditions.com\/es\/wp-json\/wp\/v2\/pages\/79\/revisions"}],"predecessor-version":[{"id":216,"href":"https:\/\/lehiexpeditions.com\/es\/wp-json\/wp\/v2\/pages\/79\/revisions\/216"}],"wp:attachment":[{"href":"https:\/\/lehiexpeditions.com\/es\/wp-json\/wp\/v2\/media?parent=79"}],"curies":[{"name":"wp","href":"https:\/\/api.w.org\/{rel}","templated":true}]}}